{"id":2,"date":"2014-10-15T20:08:29","date_gmt":"2014-10-15T20:08:29","guid":{"rendered":"http:\/\/www.bmklawoffice.com\/fr\/?page_id=2"},"modified":"2025-01-28T10:12:24","modified_gmt":"2025-01-28T09:12:24","slug":"page-d-exemple","status":"publish","type":"page","link":"https:\/\/www.bmklawoffice.com\/fr\/","title":{"rendered":"Ana Sayfa"},"content":{"rendered":"<h2><strong><img loading=\"lazy\" decoding=\"async\" class=\" wp-image-54 alignright\" src=\"http:\/\/www.bmklawoffice.com\/fr\/wp-content\/uploads\/2014\/10\/buroyenitotem.jpg\" alt=\"\" width=\"448\" height=\"597\" srcset=\"https:\/\/www.bmklawoffice.com\/fr\/wp-content\/uploads\/2014\/10\/buroyenitotem.jpg 576w, https:\/\/www.bmklawoffice.com\/fr\/wp-content\/uploads\/2014\/10\/buroyenitotem-225x300.jpg 225w\" sizes=\"auto, (max-width: 448px) 100vw, 448px\" \/>NOTRE CAB\u0130NET<\/strong><\/h2>\n<p>Notre cabinet d\u2019avocats a \u00e9t\u00e9 fond\u00e9 en 1982 par: Hasan B\u0131y\u0131kl\u0131, Avocat, LL.M, PhD ; le Prof. Dr. G\u00fcven Vural, Avocat ; et \u015eahin Meng\u00fc, Avocat. Peu de temps apr\u00e8s sa cr\u00e9ation, le Prof. Dr. G\u00fcnd\u00fcz \u00d6k\u00e7\u00fcn, ancien ministre des Affaires \u00e9trang\u00e8res, a rejoint notre cabinet et y a collabor\u00e9 jusqu&rsquo;\u00e0 son d\u00e9c\u00e8s en 1986.<\/p>\n<p>En 1988, le Prof. Dr. G\u00fcven Vural a quitt\u00e9 le cabinet suite \u00e0 sa nomination en tant que Conseiller Juridique d&rsquo;Eximbank. La m\u00eame ann\u00e9e, Mutluhan Karag\u00f6zo\u011flu, Avocat, a rejoint l\u2019\u00e9quipe. Au fil des ann\u00e9es, le cabinet a continu\u00e9 de cro\u00eetre avec des ajouts notables, tels que \u015e\u00fckr\u00fc Evrim \u0130nal (1995), Ahmet \u00c7\u00f6rto\u011flu (1997), et plus r\u00e9cemment, Elif T\u0131\u011fl\u0131 \u00d6zcihan, Burak \u00c7\u00f6rto\u011flu et Semih Ecer, entre 2011 et 2016.<\/p>\n<p>Le d\u00e9c\u00e8s de notre associ\u00e9 fondateur, M. \u015eahin Meng\u00fc, en 2021, a marqu\u00e9 une \u00e9tape importante dans l\u2019histoire de notre cabinet. Cependant, nous restons d\u00e9termin\u00e9s \u00e0 perp\u00e9tuer son h\u00e9ritage d\u2019excellence en mati\u00e8re de pratique juridique.<\/p>\n<p>Aujourd\u2019hui, notre cabinet est compos\u00e9 de sept avocats exp\u00e9riment\u00e9s, soutenus par une \u00e9quipe de deux stagiaires en rotation p\u00e9riodique, ainsi que par cinq membres du personnel administratif d\u00e9di\u00e9s. Ensemble, nous couvrons un large \u00e9ventail de domaines juridiques, en mettant l&rsquo;accent \u00e0 la fois sur les branches classiques et les nouveaux secteurs du droit.<\/p>\n<p>En plus de notre pratique principale, nous attachons une grande importance au d\u00e9veloppement professionnel continu. Nos avocats participent r\u00e9guli\u00e8rement \u00e0 des activit\u00e9s \u00e9ducatives, se tenant inform\u00e9s des derni\u00e8res modifications l\u00e9gislatives et suivant des formations externes si n\u00e9cessaire. Cet engagement envers la croissance professionnelle garantit que nous restons \u00e0 la pointe de l\u2019expertise juridique et que nous pouvons offrir \u00e0 nos clients des services de la plus haute qualit\u00e9.<br \/>\nDes informations suppl\u00e9mentaires sur les parcours \u00e9ducatifs, les r\u00f4les professionnels et les contributions intellectuelles de nos avocats sont disponibles dans les pages suivantes.<\/p>\n<p>&nbsp;<\/p>\n","protected":false},"excerpt":{"rendered":"<p>NOTRE CAB\u0130NET Notre cabinet d\u2019avocats a \u00e9t\u00e9 fond\u00e9 en 1982 par: Hasan B\u0131y\u0131kl\u0131, Avocat, LL.M, PhD ; le Prof. Dr. G\u00fcven Vural, Avocat ; et \u015eahin Meng\u00fc, Avocat. Peu de temps apr\u00e8s sa cr\u00e9ation, le Prof. Dr. G\u00fcnd\u00fcz \u00d6k\u00e7\u00fcn, ancien ministre des Affaires \u00e9trang\u00e8res, a rejoint notre cabinet et y a collabor\u00e9 jusqu&rsquo;\u00e0 son d\u00e9c\u00e8s [&hellip;]<\/p>\n","protected":false},"author":1,"featured_media":0,"parent":0,"menu_order":0,"comment_status":"closed","ping_status":"closed","template":"","meta":{"footnotes":""},"class_list":["post-2","page","type-page","status-publish","hentry"],"_links":{"self":[{"href":"https:\/\/www.bmklawoffice.com\/fr\/wp-json\/wp\/v2\/pages\/2","targetHints":{"allow":["GET"]}}],"collection":[{"href":"https:\/\/www.bmklawoffice.com\/fr\/wp-json\/wp\/v2\/pages"}],"about":[{"href":"https:\/\/www.bmklawoffice.com\/fr\/wp-json\/wp\/v2\/types\/page"}],"author":[{"embeddable":true,"href":"https:\/\/www.bmklawoffice.com\/fr\/wp-json\/wp\/v2\/users\/1"}],"replies":[{"embeddable":true,"href":"https:\/\/www.bmklawoffice.com\/fr\/wp-json\/wp\/v2\/comments?post=2"}],"version-history":[{"count":12,"href":"https:\/\/www.bmklawoffice.com\/fr\/wp-json\/wp\/v2\/pages\/2\/revisions"}],"predecessor-version":[{"id":92,"href":"https:\/\/www.bmklawoffice.com\/fr\/wp-json\/wp\/v2\/pages\/2\/revisions\/92"}],"wp:attachment":[{"href":"https:\/\/www.bmklawoffice.com\/fr\/wp-json\/wp\/v2\/media?parent=2"}],"curies":[{"name":"wp","href":"https:\/\/api.w.org\/{rel}","templated":true}]}}