{"id":16,"date":"2014-10-20T09:46:54","date_gmt":"2014-10-20T08:46:54","guid":{"rendered":"http:\/\/www.bmklawoffice.com\/fr\/?page_id=16"},"modified":"2025-01-28T10:13:01","modified_gmt":"2025-01-28T09:13:01","slug":"contact","status":"publish","type":"page","link":"https:\/\/www.bmklawoffice.com\/fr\/contact\/","title":{"rendered":"CONTACT"},"content":{"rendered":"<h2 style=\"text-align: left;\"><strong>CONTACTEZ<\/strong><\/h2>\n<p style=\"text-align: left;\"><span style=\"color: #000000;\"><strong>ADRESSE:\u00a0<\/strong>4.Cadde 694.Sokak No.3 Kat:2-3-4 Y\u0131ld\u0131z \u00c7ankaya 06550 ANKARA<\/span><\/p>\n<p style=\"text-align: left;\"><span style=\"color: #000000;\"><strong>TELEPHONE: +<\/strong>\u00a090 (312) 440 9100<\/span><\/p>\n<p style=\"text-align: left;\"><span style=\"color: #000000;\"><strong>\u00a0FAXE<\/strong><strong>:<\/strong>+ 90 (312) 442 3600<\/span><\/p>\n<p style=\"text-align: left;\"><span style=\"color: #000000;\"><strong>\u00a0<\/strong><strong>E-MA\u0130L:\u00a0<\/strong>bmk@bmkhukuk.com<\/span><\/p>\n<table class=\"standard-table aligncenter\" width=\"293\">\n<tbody>\n<tr>\n<th><span style=\"color: #ffffff;\">Nos Avocats<\/span><\/th>\n<th><span style=\"color: #ffffff;\">E-Mail<\/span><\/th>\n<\/tr>\n<tr>\n<td><span style=\"color: #000000;\">Av.\u00a0 Hasan BIYIKLI<\/span><\/td>\n<td><span style=\"color: #000000;\">biyikli@bmkhukuk.com<\/span><\/td>\n<\/tr>\n<tr>\n<td><span style=\"color: #000000;\">Av. Mutluhan KARAG\u00d6ZO\u011eLU<\/span><\/td>\n<td><span style=\"color: #000000;\">karagozoglu@bmkhukuk.com<\/span><\/td>\n<\/tr>\n<tr>\n<td><span style=\"color: #000000;\">Av. Ahmet \u00c7\u00d6RTO\u011eLU<\/span><\/td>\n<td><span style=\"color: #000000;\">cortoglu@bmkhukuk.com<\/span><\/td>\n<\/tr>\n<tr>\n<td><span style=\"color: #000000;\">Av. \u015e\u00fckr\u00fc Evrim \u0130NAL<\/span><\/td>\n<td><span style=\"color: #000000;\">inal@bmkhukuk.com<\/span><\/td>\n<\/tr>\n<tr>\n<td><span style=\"color: #000000;\">Av. Elif TI\u011eLI \u00d6ZC\u0130HAN<\/span><\/td>\n<td><span style=\"color: #000000;\">ozcihan@bmkhukuk.com<\/span><\/td>\n<\/tr>\n<tr>\n<td><span style=\"color: #000000;\">Av. Burak \u00c7\u00d6RTO\u011eLU<\/span><\/td>\n<td><span style=\"color: #000000;\">burak.cortoglu@bmkhukuk.com<\/span><\/td>\n<\/tr>\n<tr>\n<td><span style=\"color: #000000;\">Av. Semih ECER<\/span><\/td>\n<td><span style=\"color: #000000;\">ecer@bmkhukuk.com<\/span><\/td>\n<\/tr>\n<\/tbody>\n<\/table>\n<p style=\"text-align: left;\">\n","protected":false},"excerpt":{"rendered":"<p>CONTACTEZ ADRESSE:\u00a04.Cadde 694.Sokak No.3 Kat:2-3-4 Y\u0131ld\u0131z \u00c7ankaya 06550 ANKARA TELEPHONE: +\u00a090 (312) 440 9100 \u00a0FAXE:+ 90 (312) 442 3600 \u00a0E-MA\u0130L:\u00a0bmk@bmkhukuk.com Nos Avocats E-Mail Av.\u00a0 Hasan BIYIKLI biyikli@bmkhukuk.com Av. Mutluhan KARAG\u00d6ZO\u011eLU karagozoglu@bmkhukuk.com Av. Ahmet \u00c7\u00d6RTO\u011eLU cortoglu@bmkhukuk.com Av. \u015e\u00fckr\u00fc Evrim \u0130NAL inal@bmkhukuk.com Av. Elif TI\u011eLI \u00d6ZC\u0130HAN ozcihan@bmkhukuk.com Av. Burak \u00c7\u00d6RTO\u011eLU burak.cortoglu@bmkhukuk.com Av. Semih ECER ecer@bmkhukuk.com<\/p>\n","protected":false},"author":1,"featured_media":0,"parent":0,"menu_order":0,"comment_status":"closed","ping_status":"closed","template":"","meta":{"footnotes":""},"class_list":["post-16","page","type-page","status-publish","hentry"],"_links":{"self":[{"href":"https:\/\/www.bmklawoffice.com\/fr\/wp-json\/wp\/v2\/pages\/16","targetHints":{"allow":["GET"]}}],"collection":[{"href":"https:\/\/www.bmklawoffice.com\/fr\/wp-json\/wp\/v2\/pages"}],"about":[{"href":"https:\/\/www.bmklawoffice.com\/fr\/wp-json\/wp\/v2\/types\/page"}],"author":[{"embeddable":true,"href":"https:\/\/www.bmklawoffice.com\/fr\/wp-json\/wp\/v2\/users\/1"}],"replies":[{"embeddable":true,"href":"https:\/\/www.bmklawoffice.com\/fr\/wp-json\/wp\/v2\/comments?post=16"}],"version-history":[{"count":11,"href":"https:\/\/www.bmklawoffice.com\/fr\/wp-json\/wp\/v2\/pages\/16\/revisions"}],"predecessor-version":[{"id":94,"href":"https:\/\/www.bmklawoffice.com\/fr\/wp-json\/wp\/v2\/pages\/16\/revisions\/94"}],"wp:attachment":[{"href":"https:\/\/www.bmklawoffice.com\/fr\/wp-json\/wp\/v2\/media?parent=16"}],"curies":[{"name":"wp","href":"https:\/\/api.w.org\/{rel}","templated":true}]}}