{"id":12,"date":"2014-10-20T09:43:43","date_gmt":"2014-10-20T08:43:43","guid":{"rendered":"http:\/\/www.bmklawoffice.com\/fr\/?page_id=12"},"modified":"2018-05-15T07:28:34","modified_gmt":"2018-05-15T06:28:34","slug":"les-principaux-domaines-de-pratiques-et-dexpertises","status":"publish","type":"page","link":"https:\/\/www.bmklawoffice.com\/fr\/les-principaux-domaines-de-pratiques-et-dexpertises\/","title":{"rendered":"LES PRINCIPAUX DOMAINES DE PRATIQUES ET D\u2019EXPERTISES"},"content":{"rendered":"<h2><strong>LES PRINCIPAUX DOMAINES DE PRATIQUES ET D\u2019EXPERTISES<\/strong><\/h2>\n<p>Les Principaux Domaines de Pratiques et d\u2019Expertises de nos avocats ayant autorit\u00e9 compl\u00e8te pour repr\u00e9senter nos clients au sein de la R\u00e9publique de Turquie aupr\u00e8s de l\u2019ensemble des autorit\u00e9s l\u00e9gales et administratives, ainsi que devant des tiers, sont cit\u00e9s ci-dessous<\/p>\n<p>* Droit Civil<br \/>\n* Droit des Obligations<br \/>\n* Droit Commercial<br \/>\n* Droit P\u00e9nal<br \/>\n* Droit Administratif<br \/>\n* Droit Fiscal<br \/>\n* Droit de la Presse<br \/>\n* Droit des March\u00e9s des Capitaux<br \/>\n* Droit de la Concurrence<br \/>\n* Droit de l\u2019informatique<br \/>\n* Droit de la Propri\u00e9t\u00e9 Intellectuelle<br \/>\n* Droit de Travail<br \/>\n* Droit de Liquidation et de Faillite<\/p>\n<p>En plus de suivre des litiges devant des tribunaux, notre cabinet donne des services de conseil juridique permanent \u00e9galement pour les cas individuels. Ces services impliquent le r\u00e8glement des contentieux des soci\u00e9t\u00e9s avec les personnes physiques, morales et les autorit\u00e9s administratives aupr\u00e8s des tribunaux par le biais de proc\u00e8s ou de m\u00e9thodes d\u2019arbitrages domestiques et internationales; faire et donner fin des recours administratives; accomplir les op\u00e9rations de fondement, de jonction, d\u2019acquisition, de changement de type, de cr\u00e9ation de succursales et repr\u00e9sentants ainsi que la liquidation des soci\u00e9t\u00e9s domestiques et \u00e9trang\u00e8res.<\/p>\n<p>Notre cite a \u00e9t\u00e9 pr\u00e9par\u00e9 selon l\u2019interdiction de publicit\u00e9 r\u00e9git dans le Code Turc des Avocats et les dispositions des r\u00e8gles du m\u00e9tier pr\u00e9par\u00e9 par l\u2019Union des Barreaux Turcs d\u2019apr\u00e8s le Code cit\u00e9.<\/p>\n","protected":false},"excerpt":{"rendered":"<p>LES PRINCIPAUX DOMAINES DE PRATIQUES ET D\u2019EXPERTISES Les Principaux Domaines de Pratiques et d\u2019Expertises de nos avocats ayant autorit\u00e9 compl\u00e8te pour repr\u00e9senter nos clients au sein de la R\u00e9publique de Turquie aupr\u00e8s de l\u2019ensemble des autorit\u00e9s l\u00e9gales et administratives, ainsi que devant des tiers, sont cit\u00e9s ci-dessous * Droit Civil * Droit des Obligations * [&hellip;]<\/p>\n","protected":false},"author":1,"featured_media":0,"parent":0,"menu_order":0,"comment_status":"closed","ping_status":"closed","template":"","meta":{"footnotes":""},"class_list":["post-12","page","type-page","status-publish","hentry"],"_links":{"self":[{"href":"https:\/\/www.bmklawoffice.com\/fr\/wp-json\/wp\/v2\/pages\/12","targetHints":{"allow":["GET"]}}],"collection":[{"href":"https:\/\/www.bmklawoffice.com\/fr\/wp-json\/wp\/v2\/pages"}],"about":[{"href":"https:\/\/www.bmklawoffice.com\/fr\/wp-json\/wp\/v2\/types\/page"}],"author":[{"embeddable":true,"href":"https:\/\/www.bmklawoffice.com\/fr\/wp-json\/wp\/v2\/users\/1"}],"replies":[{"embeddable":true,"href":"https:\/\/www.bmklawoffice.com\/fr\/wp-json\/wp\/v2\/comments?post=12"}],"version-history":[{"count":6,"href":"https:\/\/www.bmklawoffice.com\/fr\/wp-json\/wp\/v2\/pages\/12\/revisions"}],"predecessor-version":[{"id":71,"href":"https:\/\/www.bmklawoffice.com\/fr\/wp-json\/wp\/v2\/pages\/12\/revisions\/71"}],"wp:attachment":[{"href":"https:\/\/www.bmklawoffice.com\/fr\/wp-json\/wp\/v2\/media?parent=12"}],"curies":[{"name":"wp","href":"https:\/\/api.w.org\/{rel}","templated":true}]}}